{"id":170,"date":"2025-03-14T13:08:51","date_gmt":"2025-03-14T13:08:51","guid":{"rendered":"https:\/\/autoera.se\/?page_id=170"},"modified":"2025-06-02T11:02:02","modified_gmt":"2025-06-02T11:02:02","slug":"cookiepolicy","status":"publish","type":"page","link":"https:\/\/autoera.se\/eng\/cookiepolicy\/","title":{"rendered":"Cookiepolicy"},"content":{"rendered":"<div data-elementor-type=\"wp-page\" data-elementor-id=\"170\" class=\"elementor elementor-170\" data-elementor-settings=\"{&quot;element_pack_global_tooltip_width&quot;:{&quot;unit&quot;:&quot;px&quot;,&quot;size&quot;:&quot;&quot;,&quot;sizes&quot;:[]},&quot;element_pack_global_tooltip_width_tablet&quot;:{&quot;unit&quot;:&quot;px&quot;,&quot;size&quot;:&quot;&quot;,&quot;sizes&quot;:[]},&quot;element_pack_global_tooltip_width_mobile&quot;:{&quot;unit&quot;:&quot;px&quot;,&quot;size&quot;:&quot;&quot;,&quot;sizes&quot;:[]},&quot;element_pack_global_tooltip_padding&quot;:{&quot;unit&quot;:&quot;px&quot;,&quot;top&quot;:&quot;&quot;,&quot;right&quot;:&quot;&quot;,&quot;bottom&quot;:&quot;&quot;,&quot;left&quot;:&quot;&quot;,&quot;isLinked&quot;:true},&quot;element_pack_global_tooltip_padding_tablet&quot;:{&quot;unit&quot;:&quot;px&quot;,&quot;top&quot;:&quot;&quot;,&quot;right&quot;:&quot;&quot;,&quot;bottom&quot;:&quot;&quot;,&quot;left&quot;:&quot;&quot;,&quot;isLinked&quot;:true},&quot;element_pack_global_tooltip_padding_mobile&quot;:{&quot;unit&quot;:&quot;px&quot;,&quot;top&quot;:&quot;&quot;,&quot;right&quot;:&quot;&quot;,&quot;bottom&quot;:&quot;&quot;,&quot;left&quot;:&quot;&quot;,&quot;isLinked&quot;:true},&quot;element_pack_global_tooltip_border_radius&quot;:{&quot;unit&quot;:&quot;px&quot;,&quot;top&quot;:&quot;&quot;,&quot;right&quot;:&quot;&quot;,&quot;bottom&quot;:&quot;&quot;,&quot;left&quot;:&quot;&quot;,&quot;isLinked&quot;:true},&quot;element_pack_global_tooltip_border_radius_tablet&quot;:{&quot;unit&quot;:&quot;px&quot;,&quot;top&quot;:&quot;&quot;,&quot;right&quot;:&quot;&quot;,&quot;bottom&quot;:&quot;&quot;,&quot;left&quot;:&quot;&quot;,&quot;isLinked&quot;:true},&quot;element_pack_global_tooltip_border_radius_mobile&quot;:{&quot;unit&quot;:&quot;px&quot;,&quot;top&quot;:&quot;&quot;,&quot;right&quot;:&quot;&quot;,&quot;bottom&quot;:&quot;&quot;,&quot;left&quot;:&quot;&quot;,&quot;isLinked&quot;:true}}\">\n\t\t\t\t<div class=\"elementor-element elementor-element-12250ee4 e-flex e-con-boxed e-con e-parent\" data-id=\"12250ee4\" data-element_type=\"container\" data-e-type=\"container\">\n\t\t\t\t\t<div class=\"e-con-inner\">\n\t\t\t\t<div class=\"elementor-element elementor-element-1ba7b77c elementor-widget elementor-widget-text-editor\" data-id=\"1ba7b77c\" data-element_type=\"widget\" data-e-type=\"widget\" data-widget_type=\"text-editor.default\">\n\t\t\t\t<div class=\"elementor-widget-container\">\n\t\t\t\t\t\t\t\t\t<p><\/p>\n<h2 class=\"wp-block-heading\">Cookiepolicy<\/h2>\n<p><\/p>\n<p>Senast uppdaterad: 2025-03-14<\/p>\n<p><\/p>\n<h4 class=\"wp-block-heading\">1. Introduktion<\/h4>\n<p><\/p>\n<p>P\u00e5 autoera.se (\u201dWebbplatsen\u201d) v\u00e4rnar vi om din integritet och vill s\u00e4kerst\u00e4lla att du f\u00f6rst\u00e5r hur vi anv\u00e4nder cookies och liknande teknologier. Denna cookiepolicy f\u00f6rklarar vad cookies \u00e4r, hur vi anv\u00e4nder dem, vilka valm\u00f6jligheter du har, och hur du kan kontrollera v\u00e5r anv\u00e4ndning av cookies.<\/p>\n<p><\/p>\n<h4 class=\"wp-block-heading\">2. Vad \u00e4r cookies?<\/h4>\n<p><\/p>\n<p>Cookies \u00e4r sm\u00e5 textfiler som lagras p\u00e5 din enhet (dator, surfplatta eller mobil) n\u00e4r du bes\u00f6ker en webbplats. Dessa filer inneh\u00e5ller information som kan anv\u00e4ndas f\u00f6r att f\u00f6rb\u00e4ttra din upplevelse p\u00e5 webbplatsen, s\u00e5som att spara dina inst\u00e4llningar, samla in anonym statistik, och m\u00f6jligg\u00f6ra vissa funktioner.<\/p>\n<p><\/p>\n<h4 class=\"wp-block-heading\">3. Typer av cookies vi anv\u00e4nder<\/h4>\n<p><\/p>\n<p>Vi anv\u00e4nder f\u00f6ljande typer av cookies p\u00e5 autoera.se:<\/p>\n<p><\/p>\n<ul class=\"wp-block-list\">\n<li style=\"list-style-type: none;\">\n<ul class=\"wp-block-list\"><\/ul>\n<\/li>\n<\/ul>\n<p>\u00a0<\/p>\n<ul class=\"wp-block-list\">\n<li style=\"list-style-type: none;\">\n<ul class=\"wp-block-list\">\n<li><strong>N\u00f6dv\u00e4ndiga cookies<\/strong>: Dessa cookies \u00e4r n\u00f6dv\u00e4ndiga f\u00f6r att webbplatsen ska fungera korrekt. De kan inte st\u00e4ngas av i v\u00e5ra system och anv\u00e4nds vanligtvis bara som svar p\u00e5 \u00e5tg\u00e4rder som du g\u00f6r som motsvarar en beg\u00e4ran om tj\u00e4nster, s\u00e5som att st\u00e4lla in dina sekretessinst\u00e4llningar, logga in eller fylla i formul\u00e4r.<\/li>\n<\/ul>\n<\/li>\n<\/ul>\n<p><\/p>\n<ul class=\"wp-block-list\">\n<li style=\"list-style-type: none;\">\n<ul class=\"wp-block-list\">\n<li><strong>Funktionella cookies<\/strong>: Dessa cookies g\u00f6r det m\u00f6jligt f\u00f6r webbplatsen att ge f\u00f6rb\u00e4ttrad funktionalitet och personlig anpassning. De kan s\u00e4ttas av oss eller av tredje parts leverant\u00f6rer vars tj\u00e4nster vi har lagt till p\u00e5 v\u00e5ra sidor.<\/li>\n<\/ul>\n<\/li>\n<\/ul>\n<p><\/p>\n<ul class=\"wp-block-list\">\n<li style=\"list-style-type: none;\">\n<ul class=\"wp-block-list\">\n<li><strong>Prestandacookies<\/strong>: Dessa cookies samlar in information om hur bes\u00f6kare anv\u00e4nder v\u00e5r webbplats, exempelvis vilka sidor som \u00e4r mest bes\u00f6kta och om de f\u00e5r felmeddelanden fr\u00e5n webbsidor. Denna typ av cookies hj\u00e4lper oss att f\u00f6rb\u00e4ttra webbplatsens funktionalitet.<\/li>\n<\/ul>\n<\/li>\n<\/ul>\n<p><\/p>\n<ul class=\"wp-block-list\">\n<li style=\"list-style-type: none;\">\n<ul class=\"wp-block-list\">\n<li><strong>Marknadsf\u00f6ringscookies<\/strong>: Dessa cookies anv\u00e4nds f\u00f6r att leverera annonser som \u00e4r mer relevanta f\u00f6r dig och dina intressen. De kan ocks\u00e5 anv\u00e4ndas f\u00f6r att m\u00e4ta effektiviteten av en annonskampanj. De placeras vanligtvis av annonsn\u00e4tverk med webbplats\u00e4garens tillst\u00e5nd.<\/li>\n<\/ul>\n<\/li>\n<\/ul>\n<p><\/p>\n<p><\/p>\n<h4 class=\"wp-block-heading\">4. Tredjepartscookies<\/h4>\n<p><\/p>\n<p>Vi kan anv\u00e4nda tredjepartscookies fr\u00e5n betrodda partners, exempelvis f\u00f6r att analysera webbplatstrafik, f\u00f6rb\u00e4ttra din anv\u00e4ndarupplevelse, eller f\u00f6r marknadsf\u00f6rings\u00e4ndam\u00e5l. Tredje parter kan anv\u00e4nda dessa cookies f\u00f6r att samla information om dina aktiviteter \u00f6ver tid och p\u00e5 olika webbplatser.<\/p>\n<p><\/p>\n<h4 class=\"wp-block-heading\">5. Hantera dina cookieinst\u00e4llningar<\/h4>\n<p><\/p>\n<p>N\u00e4r du bes\u00f6ker v\u00e5r webbplats f\u00f6r f\u00f6rsta g\u00e5ngen eller efter att cookies har rensats, kommer du att tillfr\u00e5gas om att samtycka till anv\u00e4ndningen av cookies via v\u00e5r cookie-banner. Du kan n\u00e4r som helst \u00e4ndra dina cookiepreferenser genom att justera inst\u00e4llningarna direkt i din webbl\u00e4sare.<\/p>\n<p><\/p>\n<p>De flesta webbl\u00e4sare till\u00e5ter dig att blockera eller radera cookies genom deras inst\u00e4llningar. Observera att om du v\u00e4ljer att blockera eller radera cookies kan det p\u00e5verka din anv\u00e4ndarupplevelse och vissa funktioner p\u00e5 v\u00e5r webbplats kan sluta fungera korrekt.<\/p>\n<p><\/p>\n<h4 class=\"wp-block-heading\">6. Kontaktinformation<\/h4>\n<p><\/p>\n<p>Om du har fr\u00e5gor om denna cookiepolicy eller v\u00e5r anv\u00e4ndning av cookies, v\u00e4nligen kontakta oss p\u00e5:<\/p>\n<p><\/p>\n<p><strong>Autoera AB<\/strong><br \/>E-post:\u00a0info@autoera.se<br \/>Telefon:\u00a0<strong><a href=\"tel:+46 708 800 205\">+46 708 800 205<\/a><\/strong><\/p>\n<p><\/p>\n<h4 class=\"wp-block-heading\">7. \u00c4ndringar i denna policy<\/h4>\n<p><\/p>\n<p>Vi kan uppdatera denna cookiepolicy vid behov f\u00f6r att reflektera f\u00f6r\u00e4ndringar i v\u00e5r praxis eller f\u00f6r andra operativa, juridiska eller regleringsm\u00e4ssiga sk\u00e4l. Eventuella \u00e4ndringar kommer att publiceras p\u00e5 denna sida med ett reviderat \u201cSenast uppdaterad\u201d-datum.<\/p>\n<p><\/p>\n<p>Vi rekommenderar att du granskar denna cookiepolicy regelbundet f\u00f6r att h\u00e5lla dig informerad om v\u00e5r anv\u00e4ndning av cookies.<\/p>\n<p><\/p>\t\t\t\t\t\t\t\t<\/div>\n\t\t\t\t<\/div>\n\t\t\t\t\t<\/div>\n\t\t\t\t<\/div>\n\t\t\t\t<\/div>","protected":false},"excerpt":{"rendered":"<p>Cookiepolicy Senast uppdaterad: 2025-03-14 1. Introduktion P\u00e5 autoera.se (\u201dWebbplatsen\u201d) v\u00e4rnar vi om din integritet och vill s\u00e4kerst\u00e4lla att du f\u00f6rst\u00e5r hur vi [&hellip;]<\/p>","protected":false},"author":1,"featured_media":0,"parent":0,"menu_order":0,"comment_status":"closed","ping_status":"closed","template":"","meta":{"footnotes":""},"class_list":["post-170","page","type-page","status-publish","hentry"],"_links":{"self":[{"href":"https:\/\/autoera.se\/eng\/wp-json\/wp\/v2\/pages\/170","targetHints":{"allow":["GET"]}}],"collection":[{"href":"https:\/\/autoera.se\/eng\/wp-json\/wp\/v2\/pages"}],"about":[{"href":"https:\/\/autoera.se\/eng\/wp-json\/wp\/v2\/types\/page"}],"author":[{"embeddable":true,"href":"https:\/\/autoera.se\/eng\/wp-json\/wp\/v2\/users\/1"}],"replies":[{"embeddable":true,"href":"https:\/\/autoera.se\/eng\/wp-json\/wp\/v2\/comments?post=170"}],"version-history":[{"count":7,"href":"https:\/\/autoera.se\/eng\/wp-json\/wp\/v2\/pages\/170\/revisions"}],"predecessor-version":[{"id":493,"href":"https:\/\/autoera.se\/eng\/wp-json\/wp\/v2\/pages\/170\/revisions\/493"}],"wp:attachment":[{"href":"https:\/\/autoera.se\/eng\/wp-json\/wp\/v2\/media?parent=170"}],"curies":[{"name":"wp","href":"https:\/\/api.w.org\/{rel}","templated":true}]}}